{"id":393,"date":"2018-07-27T10:23:11","date_gmt":"2018-07-27T10:23:11","guid":{"rendered":"https:\/\/www.ibericadelcarbion.com\/politica-de-privacidad\/"},"modified":"2018-07-27T10:23:11","modified_gmt":"2018-07-27T10:23:11","slug":"politica-de-privacidad","status":"publish","type":"page","link":"https:\/\/www.ibericadelcarbion.com\/en\/politica-de-privacidad\/","title":{"rendered":"Pol\u00edtica de Privacidad"},"content":{"rendered":"<h2>INTRODUCCI\u00d3N.<\/h2>\n<p>Ib\u00e9rica del Carbion, S.A., en adelante Ib\u00e9rica del Carbion, recopila, trata y almacena informaci\u00f3n personal a trav\u00e9s de la web de su propiedad www.ibericadelcarbion.com.<\/p>\n<p>Esta informaci\u00f3n ser\u00e1 relativa a los usuarios de la web. La informaci\u00f3n se recopilar\u00e1, tratara y almacenar\u00e1 conforme a la presente Pol\u00edtica de Privacidad.<\/p>\n<h2>RESPONSABLE LEGAL<\/h2>\n<p>Denominaci\u00f3n comercial: Ib\u00e9rica del Carbion<br \/>\nDenominaci\u00f3n social: Ib\u00e9rica del Carbion, S.A.<br \/>\nIdentificador fiscal: A43004985<br \/>\nDomicilio: Pol.Industrial Francol\u00ed, no 2, 43006 Tarragona<br \/>\nE-mail de contacto: info@ibericadelcarbion.com<\/p>\n<h2>LEYES DE APLICACI\u00d3N EN ESTA WEB<\/h2>\n<p>RGPD (Reglamento (UE) 2016\/679 del Parlamento Europeo y del Consejo de 27 de abril de 2016 relativo a la protecci\u00f3n de las personas f\u00edsicas)<br \/>\nLOPD (Ley Org\u00e1nica 15\/1999, de 13 de diciembre, de Protecci\u00f3n de Datos de Car\u00e1cter Personal y Real Decreto 1720\/2007, de 21 de diciembre, Reglamento de desarrollo de la LOPD)<br \/>\nLSSI (Ley 34\/2002, de 11 de julio, de Servicios de la Sociedad de la Informaci\u00f3n y Comercio Electr\u00f3nico)<br \/>\nDATOS RECOPILADOS<br \/>\n\u00danicamente se recopilar\u00e1n los datos estrictamente necesarios para llevar a cabo la normal actividad del servicio. Ajust\u00e1ndose al principio de minimizaci\u00f3n de datos (Art.5.b GDPR).<br \/>\nLos datos recopilados ser\u00e1n en todo caso de mayores de 16 a\u00f1os (Art. 8.1 GDPR). Ib\u00e9rica del Carbion se reserva el derecho a tomar las medidas oportunas para comprobar la veracidad de la edad (Art. 8.2 GDPR).<br \/>\nEn todo caso estos datos ser\u00e1n de car\u00e1cter personal identificativos y no sensibles, podr\u00e1n ser:<\/p>\n<p>Correo electr\u00f3nico<br \/>\nTel\u00e9fono<br \/>\nNombre y apellidos<br \/>\nDNI<br \/>\nDirecci\u00f3n<\/p>\n<h2>M\u00c9TODOS DE RECOPILACI\u00d3N.<\/h2>\n<p>Los datos personales se recopilar\u00e1n a trav\u00e9s de la web de Ib\u00e9rica del Carbion, www.ibericadelcarbion.com, cuando introduzcas informaci\u00f3n en alguno de los campos destinados a tal efecto en la web. Estos campos est\u00e1n debidamente se\u00f1alizados y no recopilar\u00e1n ning\u00fan dato hasta que no aceptes expresamente la cesi\u00f3n y gesti\u00f3n conforme a esta pol\u00edtica de privacidad.<\/p>\n<h2>OBJETIVO DE LA RECOPILACI\u00d3N Y USO DE LOS DATOS.<\/h2>\n<p>La recopilaci\u00f3n y uso de datos se realiza con el \u00fanico objetivo de informaci\u00f3n sobre servicios o productos.<\/p>\n<p>Ib\u00e9rica del Carbion se compromete a no utilizar los datos obtenidos con una finalidad distinta a esta.<\/p>\n<h2>DESTINATARIO DE LOS DATOS.<\/h2>\n<p>Los datos recopilados se incorporar\u00e1n a un fichero propiedad de:<br \/>\nIb\u00e9rica del Carbion<\/p>\n<p>Este fichero ser\u00e1 gestionado por:<br \/>\nIb\u00e9rica del Carbion<\/p>\n<p>Este fichero se almacenar\u00e1 en:<br \/>\nOVH Con domicilio en Francia<\/p>\n<h2>PLAZO DE CONSERVACI\u00d3N DE LOS DATOS.<\/h2>\n<p>Los datos se conservar\u00e1n hasta que se cumpla el objetivo por el cual se recopilaron estos datos (Art.5.e. GDPR) o hasta que se ejerza el derecho a la supresi\u00f3n o modificaci\u00f3n de los mismos. Siempre y cuando esto no entre en conflicto con la necesidad por motivos legales o fiscales de almacenar los mismos.<\/p>\n<h2>\u00bfC\u00d3MO PROTEGEMOS SUS DATOS?<\/h2>\n<p>Sus datos se transfieren y almacenan de forma segura ya que disponemos de:<\/p>\n<p>\u2013 Cifrado con protocolo SSL.<br \/>\n\u2013 Firewall a nivel de servidor.<br \/>\n\u2013 Protocolos de seguridad para prevenir accesos no autorizados.<br \/>\n\u2013 Control de accesos.<br \/>\n\u2013 Almacenamiento encriptado.<\/p>\n<p>Ib\u00e9rica del Carbion no puede garantizar la completa seguridad en las comunicaciones a trav\u00e9s de Internet pero garantizamos tomar las medidas adecuadas para proteger sus datos.<\/p>\n<p>Adem\u00e1s Ib\u00e9rica del Carbion se compromete a mantener la confidencialidad de los datos y no comunicar\u00e1 ni permitir\u00e1 el acceso a terceros no autorizados.<\/p>\n<h2>TUS DERECHOS EN CUANTO A PROTECCI\u00d3N DE DATOS<\/h2>\n<p>La legislaci\u00f3n le reconoce unos derechos como usuario que ha cedido sus datos personales:<\/p>\n<p>Acceso a los datos personales.<br \/>\nRectificaci\u00f3n o supresi\u00f3n.<br \/>\nOponerse al tratamiento.<br \/>\nPortabilidad de los datos.<br \/>\nLimitaci\u00f3n de su tratamiento.<br \/>\nEl ejercicio de estos derechos es personal. Por lo que solo puedes solicitarlos para los datos de los cuales eres el propietario.<br \/>\nEn el caso de que quieras ejercer alguno de estos derechos puedes hacerlos online mediante un mail dirigido a info@ibericadelcarbion.com o mediante carta dirigida a Ib\u00e9rica del Carbion direcci\u00f3n Pol.Industrial Francol\u00ed, no 2, 43006 Tarragona indicando los derechos que se quieren ejercer y una prueba de identidad.<\/p>\n<p>Nos comprometemos a responder a tu solicitud en un plazo m\u00e1ximo de 30 d\u00edas h\u00e1biles.<\/p>\n<h2>LEGITIMACI\u00d3N PARA EL TRATAMIENTO DE DATOS<\/h2>\n<p>La base legal para el tratamiento de tus datos personales es la aceptaci\u00f3n expl\u00edcita del tratamiento, gesti\u00f3n y almacenamiento de los mismos seg\u00fan la presente pol\u00edtica de privacidad.<\/p>\n<h2>CONSECUENCIAS DE NO ACEPTAR LA POL\u00cdTICA DE PRIVACIDAD<\/h2>\n<p>En el caso de que no aceptes la gesti\u00f3n de tus datos seg\u00fan la presente pol\u00edtica de privacidad, no se proceder\u00e1 a la recopilaci\u00f3n de los mismos, lo que puede suponer que no se pueda llevar a cabo el servicio prestado por Ib\u00e9rica del Carbion.<\/p>\n<h2>AUTORIDAD DE PROTECCI\u00d3N DE DATOS EN ESPA\u00d1A<\/h2>\n<p>En el caso de que quieras hacer valer tus derechos en cuanto a protecci\u00f3n de datos y consideras que no los estamos respetando puedes dirigirte a la autoridad espa\u00f1ola responsable.<\/p>\n<p>\u2013 Sitio web de la autoridad de protecci\u00f3n de datos: https:\/\/www.agpd.es\/<\/p>\n<p>\u2013 E-mail de la autoridad de protecci\u00f3n de datos: internacional@agpd.es<\/p>\n<p>\u2013 Tel\u00e9fono de la autoridad de protecci\u00f3n de datos: +34 91399 6200<\/p>\n<h2>CAMBIOS EN LA POL\u00cdTICA DE PRIVACIDAD<\/h2>\n<p>Ib\u00e9rica del Carbion se reserva el derecho a modificar la presente Pol\u00edtica de Privacidad, estas modificaciones se har\u00e1n conforme a la legislaci\u00f3n y la jurisprudencia y quedaran reflejadas en la presente Pol\u00edtica de Privacidad.<\/p>\n","protected":false},"excerpt":{"rendered":"<p>INTRODUCCI\u00d3N. Ib\u00e9rica del Carbion, S.A., en adelante Ib\u00e9rica del Carbion, recopila, trata y almacena informaci\u00f3n personal a trav\u00e9s de la web de su propiedad www.ibericadelcarbion.com. Esta<span class=\"excerpt-hellip\"> [\u2026]<\/span><\/p>\n","protected":false},"author":1,"featured_media":0,"parent":0,"menu_order":0,"comment_status":"closed","ping_status":"open","template":"","meta":{"footnotes":""},"yoast_head":"<!-- This site is optimized with the Yoast SEO plugin v22.2 - https:\/\/yoast.com\/wordpress\/plugins\/seo\/ -->\n<title>Pol\u00edtica de Privacidad - Ib\u00e9rica del Carbion<\/title>\n<meta name=\"robots\" content=\"noindex, follow\" \/>\n<meta property=\"og:locale\" content=\"en_US\" \/>\n<meta property=\"og:type\" content=\"article\" \/>\n<meta property=\"og:title\" content=\"Pol\u00edtica de Privacidad - Ib\u00e9rica del Carbion\" \/>\n<meta property=\"og:description\" content=\"INTRODUCCI\u00d3N. Ib\u00e9rica del Carbion, S.A., en adelante Ib\u00e9rica del Carbion, recopila, trata y almacena informaci\u00f3n personal a trav\u00e9s de la web de su propiedad www.ibericadelcarbion.com. Esta [\u2026]\" \/>\n<meta property=\"og:url\" content=\"https:\/\/www.ibericadelcarbion.com\/en\/politica-de-privacidad\/\" \/>\n<meta property=\"og:site_name\" content=\"Ib\u00e9rica del Carbion\" \/>\n<meta name=\"twitter:card\" content=\"summary_large_image\" \/>\n<meta name=\"twitter:label1\" content=\"Est. reading time\" \/>\n\t<meta name=\"twitter:data1\" content=\"5 minutes\" \/>\n<script type=\"application\/ld+json\" class=\"yoast-schema-graph\">{\"@context\":\"https:\/\/schema.org\",\"@graph\":[{\"@type\":\"WebPage\",\"@id\":\"https:\/\/www.ibericadelcarbion.com\/en\/politica-de-privacidad\/\",\"url\":\"https:\/\/www.ibericadelcarbion.com\/en\/politica-de-privacidad\/\",\"name\":\"Pol\u00edtica de Privacidad - Ib\u00e9rica del Carbion\",\"isPartOf\":{\"@id\":\"https:\/\/www.ibericadelcarbion.com\/#website\"},\"datePublished\":\"2018-07-27T10:23:11+00:00\",\"dateModified\":\"2018-07-27T10:23:11+00:00\",\"breadcrumb\":{\"@id\":\"https:\/\/www.ibericadelcarbion.com\/en\/politica-de-privacidad\/#breadcrumb\"},\"inLanguage\":\"en-US\",\"potentialAction\":[{\"@type\":\"ReadAction\",\"target\":[\"https:\/\/www.ibericadelcarbion.com\/en\/politica-de-privacidad\/\"]}]},{\"@type\":\"BreadcrumbList\",\"@id\":\"https:\/\/www.ibericadelcarbion.com\/en\/politica-de-privacidad\/#breadcrumb\",\"itemListElement\":[{\"@type\":\"ListItem\",\"position\":1,\"name\":\"Portada\",\"item\":\"https:\/\/www.ibericadelcarbion.com\/fr\/\"},{\"@type\":\"ListItem\",\"position\":2,\"name\":\"Pol\u00edtica de Privacidad\"}]},{\"@type\":\"WebSite\",\"@id\":\"https:\/\/www.ibericadelcarbion.com\/#website\",\"url\":\"https:\/\/www.ibericadelcarbion.com\/\",\"name\":\"Ib\u00e9rica del Carbion\",\"description\":\"L\u00edderes del Embalaje\",\"potentialAction\":[{\"@type\":\"SearchAction\",\"target\":{\"@type\":\"EntryPoint\",\"urlTemplate\":\"https:\/\/www.ibericadelcarbion.com\/?s={search_term_string}\"},\"query-input\":\"required name=search_term_string\"}],\"inLanguage\":\"en-US\"}]}<\/script>\n<!-- \/ Yoast SEO plugin. -->","yoast_head_json":{"title":"Pol\u00edtica de Privacidad - Ib\u00e9rica del Carbion","robots":{"index":"noindex","follow":"follow"},"og_locale":"en_US","og_type":"article","og_title":"Pol\u00edtica de Privacidad - Ib\u00e9rica del Carbion","og_description":"INTRODUCCI\u00d3N. Ib\u00e9rica del Carbion, S.A., en adelante Ib\u00e9rica del Carbion, recopila, trata y almacena informaci\u00f3n personal a trav\u00e9s de la web de su propiedad www.ibericadelcarbion.com. Esta [\u2026]","og_url":"https:\/\/www.ibericadelcarbion.com\/en\/politica-de-privacidad\/","og_site_name":"Ib\u00e9rica del Carbion","twitter_card":"summary_large_image","twitter_misc":{"Est. reading time":"5 minutes"},"schema":{"@context":"https:\/\/schema.org","@graph":[{"@type":"WebPage","@id":"https:\/\/www.ibericadelcarbion.com\/en\/politica-de-privacidad\/","url":"https:\/\/www.ibericadelcarbion.com\/en\/politica-de-privacidad\/","name":"Pol\u00edtica de Privacidad - Ib\u00e9rica del Carbion","isPartOf":{"@id":"https:\/\/www.ibericadelcarbion.com\/#website"},"datePublished":"2018-07-27T10:23:11+00:00","dateModified":"2018-07-27T10:23:11+00:00","breadcrumb":{"@id":"https:\/\/www.ibericadelcarbion.com\/en\/politica-de-privacidad\/#breadcrumb"},"inLanguage":"en-US","potentialAction":[{"@type":"ReadAction","target":["https:\/\/www.ibericadelcarbion.com\/en\/politica-de-privacidad\/"]}]},{"@type":"BreadcrumbList","@id":"https:\/\/www.ibericadelcarbion.com\/en\/politica-de-privacidad\/#breadcrumb","itemListElement":[{"@type":"ListItem","position":1,"name":"Portada","item":"https:\/\/www.ibericadelcarbion.com\/fr\/"},{"@type":"ListItem","position":2,"name":"Pol\u00edtica de Privacidad"}]},{"@type":"WebSite","@id":"https:\/\/www.ibericadelcarbion.com\/#website","url":"https:\/\/www.ibericadelcarbion.com\/","name":"Ib\u00e9rica del Carbion","description":"L\u00edderes del Embalaje","potentialAction":[{"@type":"SearchAction","target":{"@type":"EntryPoint","urlTemplate":"https:\/\/www.ibericadelcarbion.com\/?s={search_term_string}"},"query-input":"required name=search_term_string"}],"inLanguage":"en-US"}]}},"_links":{"self":[{"href":"https:\/\/www.ibericadelcarbion.com\/en\/wp-json\/wp\/v2\/pages\/393"}],"collection":[{"href":"https:\/\/www.ibericadelcarbion.com\/en\/wp-json\/wp\/v2\/pages"}],"about":[{"href":"https:\/\/www.ibericadelcarbion.com\/en\/wp-json\/wp\/v2\/types\/page"}],"author":[{"embeddable":true,"href":"https:\/\/www.ibericadelcarbion.com\/en\/wp-json\/wp\/v2\/users\/1"}],"replies":[{"embeddable":true,"href":"https:\/\/www.ibericadelcarbion.com\/en\/wp-json\/wp\/v2\/comments?post=393"}],"version-history":[{"count":0,"href":"https:\/\/www.ibericadelcarbion.com\/en\/wp-json\/wp\/v2\/pages\/393\/revisions"}],"wp:attachment":[{"href":"https:\/\/www.ibericadelcarbion.com\/en\/wp-json\/wp\/v2\/media?parent=393"}],"curies":[{"name":"wp","href":"https:\/\/api.w.org\/{rel}","templated":true}]}}